{"id":4489,"date":"2024-09-16T15:08:58","date_gmt":"2024-09-16T15:08:58","guid":{"rendered":"https:\/\/www.tatinbags.com\/?post_type=product&#038;p=4489"},"modified":"2024-09-16T15:29:19","modified_gmt":"2024-09-16T15:29:19","slug":"ronyonera-amb-estampat-multicolor","status":"publish","type":"product","link":"https:\/\/www.tatinbags.com\/ca\/ronyonera-amb-estampat-multicolor\/","title":{"rendered":"Ronyonera amb estampat jacquard"},"content":{"rendered":"<p>Bandolera petita tipus ronyonera feta a m\u00e0 amb un colorit teixit amb rombes jacquard de tapisseria sobre fons negre. El model DEVA \u00e9s una bandolera de tela lleugera i c\u00f2moda amb la qual podr\u00e0s portar els teus objectes imprescindibles de manera segura i tenir-los sempre a m\u00e0. \u00c9s una ronyonera compacta amb suficient espai per a portar els b\u00e0sics del dia a dia.<\/p>\n<p>Est\u00e0 folrada amb teixit negre i porta una butxaca interior oberta. Tanca amb cremallera. L&#8217;ansa llarga i ampla de nil\u00f3 negra \u00e9s ajustable perqu\u00e8 puguis adaptar-la a la teva mesura, la pots portar creuada o si ho prefereixes, penjada de l&#8217;espatlla.<\/p>\n<p><strong>Detalls:<\/strong><\/p>\n<p>\u2013 Mesures: 16cm d&#8217;alt, 39cm de llarg (30cm de cremallera) i 9cm d&#8217;ample<\/p>\n<p>\u2013 Color: Negra i multicolor<\/p>\n<p>\u2013 Materials: Tapisseria Cot\u00f3 \/ Poli\u00e8ster<\/p>\n<p>Folre 100% Poli\u00e8ster<\/p>\n<p>Ansa llarga de Nil\u00f3 3cm x 112cm aproximadament<\/p>\n<p><strong>Instruccions de rentat:<\/strong><\/p>\n<p>Rentar a m\u00e0 en aigua freda amb sab\u00f3 neutre.<\/p>\n<p>\u2013 Model: DEVA Rombos<\/p>\n","protected":false},"excerpt":{"rendered":"<p>Bossa creuada de mitja lluna amb teixit jacquard multicolor i ansa de nil\u00f3 negra.<\/p>\n","protected":false},"featured_media":4513,"comment_status":"open","ping_status":"closed","template":"","meta":[],"product_brand":[],"product_cat":[43,989],"product_tag":[],"class_list":{"0":"post-4489","1":"product","2":"type-product","3":"status-publish","4":"has-post-thumbnail","6":"product_cat-bandoleres-per-a-dona","7":"product_cat-ronyoneres-per-a-dona","8":"sales-flash-overlay","9":"woocommerce-text-align-center","10":"woocommerce-image-align-center","11":"do-quantity-buttons","12":"wc-has-gallery","14":"first","15":"instock","16":"taxable","17":"shipping-taxable","18":"purchasable","19":"product-type-simple"},"yoast_head":"<!-- This site is optimized with the Yoast SEO plugin v27.5 - https:\/\/yoast.com\/product\/yoast-seo-wordpress\/ -->\n<title>Ronyonera de dona amb estampat multicolor - Tatinbags<\/title>\n<meta name=\"description\" content=\"Ronyonera de dona amb estampat multicolor per a portar creuada. Descobreix les bandoleres fetes a m\u00e0 de Tatinbags a la botiga en l\u00ednia.\" \/>\n<meta name=\"robots\" content=\"index, follow, max-snippet:-1, max-image-preview:large, max-video-preview:-1\" \/>\n<link rel=\"canonical\" href=\"https:\/\/www.tatinbags.com\/ca\/ronyonera-amb-estampat-multicolor\/\" \/>\n<meta property=\"og:locale\" content=\"ca_ES\" \/>\n<meta property=\"og:type\" content=\"article\" \/>\n<meta property=\"og:title\" content=\"Ronyonera de dona amb estampat multicolor - Tatinbags\" \/>\n<meta property=\"og:description\" content=\"Ronyonera de dona amb estampat multicolor per a portar creuada. Descobreix les bandoleres fetes a m\u00e0 de Tatinbags a la botiga en l\u00ednia.\" \/>\n<meta property=\"og:url\" content=\"https:\/\/www.tatinbags.com\/ca\/ronyonera-amb-estampat-multicolor\/\" \/>\n<meta property=\"og:site_name\" content=\"Tatinbags\" \/>\n<meta property=\"article:modified_time\" content=\"2024-09-16T15:29:19+00:00\" \/>\n<meta property=\"og:image\" content=\"https:\/\/www.tatinbags.com\/wp-content\/uploads\/2024\/09\/tatinbags-bandolera-rinonera-de-colores-scaled.jpg\" \/>\n\t<meta property=\"og:image:width\" content=\"2560\" \/>\n\t<meta property=\"og:image:height\" content=\"2560\" \/>\n\t<meta property=\"og:image:type\" content=\"image\/jpeg\" \/>\n<meta name=\"twitter:card\" content=\"summary_large_image\" \/>\n<meta name=\"twitter:label1\" content=\"Temps estimat de lectura\" \/>\n\t<meta name=\"twitter:data1\" content=\"1 minut\" \/>\n<script type=\"application\/ld+json\" class=\"yoast-schema-graph\">{\"@context\":\"https:\\\/\\\/schema.org\",\"@graph\":[{\"@type\":\"WebPage\",\"@id\":\"https:\\\/\\\/www.tatinbags.com\\\/ca\\\/ronyonera-amb-estampat-multicolor\\\/\",\"url\":\"https:\\\/\\\/www.tatinbags.com\\\/ca\\\/ronyonera-amb-estampat-multicolor\\\/\",\"name\":\"Ronyonera de dona amb estampat multicolor - Tatinbags\",\"isPartOf\":{\"@id\":\"https:\\\/\\\/www.tatinbags.com\\\/ca\\\/#website\"},\"primaryImageOfPage\":{\"@id\":\"https:\\\/\\\/www.tatinbags.com\\\/ca\\\/ronyonera-amb-estampat-multicolor\\\/#primaryimage\"},\"image\":{\"@id\":\"https:\\\/\\\/www.tatinbags.com\\\/ca\\\/ronyonera-amb-estampat-multicolor\\\/#primaryimage\"},\"thumbnailUrl\":\"https:\\\/\\\/www.tatinbags.com\\\/wp-content\\\/uploads\\\/2024\\\/09\\\/tatinbags-bandolera-rinonera-de-colores-scaled.jpg\",\"datePublished\":\"2024-09-16T15:08:58+00:00\",\"dateModified\":\"2024-09-16T15:29:19+00:00\",\"description\":\"Ronyonera de dona amb estampat multicolor per a portar creuada. Descobreix les bandoleres fetes a m\u00e0 de Tatinbags a la botiga en l\u00ednia.\",\"breadcrumb\":{\"@id\":\"https:\\\/\\\/www.tatinbags.com\\\/ca\\\/ronyonera-amb-estampat-multicolor\\\/#breadcrumb\"},\"inLanguage\":\"ca\",\"potentialAction\":[{\"@type\":\"ReadAction\",\"target\":[\"https:\\\/\\\/www.tatinbags.com\\\/ca\\\/ronyonera-amb-estampat-multicolor\\\/\"]}]},{\"@type\":\"ImageObject\",\"inLanguage\":\"ca\",\"@id\":\"https:\\\/\\\/www.tatinbags.com\\\/ca\\\/ronyonera-amb-estampat-multicolor\\\/#primaryimage\",\"url\":\"https:\\\/\\\/www.tatinbags.com\\\/wp-content\\\/uploads\\\/2024\\\/09\\\/tatinbags-bandolera-rinonera-de-colores-scaled.jpg\",\"contentUrl\":\"https:\\\/\\\/www.tatinbags.com\\\/wp-content\\\/uploads\\\/2024\\\/09\\\/tatinbags-bandolera-rinonera-de-colores-scaled.jpg\",\"width\":2560,\"height\":2560},{\"@type\":\"BreadcrumbList\",\"@id\":\"https:\\\/\\\/www.tatinbags.com\\\/ca\\\/ronyonera-amb-estampat-multicolor\\\/#breadcrumb\",\"itemListElement\":[{\"@type\":\"ListItem\",\"position\":1,\"name\":\"Portada\",\"item\":\"https:\\\/\\\/www.tatinbags.com\\\/ca\\\/\"},{\"@type\":\"ListItem\",\"position\":2,\"name\":\"Botiga\",\"item\":\"https:\\\/\\\/www.tatinbags.com\\\/ca\\\/botiga-online-bosses-de-ma\\\/\"},{\"@type\":\"ListItem\",\"position\":3,\"name\":\"Ronyonera amb estampat jacquard\"}]},{\"@type\":\"WebSite\",\"@id\":\"https:\\\/\\\/www.tatinbags.com\\\/ca\\\/#website\",\"url\":\"https:\\\/\\\/www.tatinbags.com\\\/ca\\\/\",\"name\":\"Tatinbags\",\"description\":\"Bosses de roba fetes a m\u00e0\",\"publisher\":{\"@id\":\"https:\\\/\\\/www.tatinbags.com\\\/ca\\\/#\\\/schema\\\/person\\\/56e32415f0aee05d2e6449a2b8e33f1d\"},\"potentialAction\":[{\"@type\":\"SearchAction\",\"target\":{\"@type\":\"EntryPoint\",\"urlTemplate\":\"https:\\\/\\\/www.tatinbags.com\\\/ca\\\/?s={search_term_string}\"},\"query-input\":{\"@type\":\"PropertyValueSpecification\",\"valueRequired\":true,\"valueName\":\"search_term_string\"}}],\"inLanguage\":\"ca\"},{\"@type\":[\"Person\",\"Organization\"],\"@id\":\"https:\\\/\\\/www.tatinbags.com\\\/ca\\\/#\\\/schema\\\/person\\\/56e32415f0aee05d2e6449a2b8e33f1d\",\"name\":\"Lourdes Tatinbags\",\"image\":{\"@type\":\"ImageObject\",\"inLanguage\":\"ca\",\"@id\":\"https:\\\/\\\/www.tatinbags.com\\\/wp-content\\\/uploads\\\/2023\\\/02\\\/cropped-tatinbags_logo.png\",\"url\":\"https:\\\/\\\/www.tatinbags.com\\\/wp-content\\\/uploads\\\/2023\\\/02\\\/cropped-tatinbags_logo.png\",\"contentUrl\":\"https:\\\/\\\/www.tatinbags.com\\\/wp-content\\\/uploads\\\/2023\\\/02\\\/cropped-tatinbags_logo.png\",\"width\":500,\"height\":158,\"caption\":\"Lourdes Tatinbags\"},\"logo\":{\"@id\":\"https:\\\/\\\/www.tatinbags.com\\\/wp-content\\\/uploads\\\/2023\\\/02\\\/cropped-tatinbags_logo.png\"}}]}<\/script>\n<!-- \/ Yoast SEO plugin. -->","yoast_head_json":{"title":"Ronyonera de dona amb estampat multicolor - Tatinbags","description":"Ronyonera de dona amb estampat multicolor per a portar creuada. Descobreix les bandoleres fetes a m\u00e0 de Tatinbags a la botiga en l\u00ednia.","robots":{"index":"index","follow":"follow","max-snippet":"max-snippet:-1","max-image-preview":"max-image-preview:large","max-video-preview":"max-video-preview:-1"},"canonical":"https:\/\/www.tatinbags.com\/ca\/ronyonera-amb-estampat-multicolor\/","og_locale":"ca_ES","og_type":"article","og_title":"Ronyonera de dona amb estampat multicolor - Tatinbags","og_description":"Ronyonera de dona amb estampat multicolor per a portar creuada. Descobreix les bandoleres fetes a m\u00e0 de Tatinbags a la botiga en l\u00ednia.","og_url":"https:\/\/www.tatinbags.com\/ca\/ronyonera-amb-estampat-multicolor\/","og_site_name":"Tatinbags","article_modified_time":"2024-09-16T15:29:19+00:00","og_image":[{"width":2560,"height":2560,"url":"https:\/\/www.tatinbags.com\/wp-content\/uploads\/2024\/09\/tatinbags-bandolera-rinonera-de-colores-scaled.jpg","type":"image\/jpeg"}],"twitter_card":"summary_large_image","twitter_misc":{"Temps estimat de lectura":"1 minut"},"schema":{"@context":"https:\/\/schema.org","@graph":[{"@type":"WebPage","@id":"https:\/\/www.tatinbags.com\/ca\/ronyonera-amb-estampat-multicolor\/","url":"https:\/\/www.tatinbags.com\/ca\/ronyonera-amb-estampat-multicolor\/","name":"Ronyonera de dona amb estampat multicolor - Tatinbags","isPartOf":{"@id":"https:\/\/www.tatinbags.com\/ca\/#website"},"primaryImageOfPage":{"@id":"https:\/\/www.tatinbags.com\/ca\/ronyonera-amb-estampat-multicolor\/#primaryimage"},"image":{"@id":"https:\/\/www.tatinbags.com\/ca\/ronyonera-amb-estampat-multicolor\/#primaryimage"},"thumbnailUrl":"https:\/\/www.tatinbags.com\/wp-content\/uploads\/2024\/09\/tatinbags-bandolera-rinonera-de-colores-scaled.jpg","datePublished":"2024-09-16T15:08:58+00:00","dateModified":"2024-09-16T15:29:19+00:00","description":"Ronyonera de dona amb estampat multicolor per a portar creuada. Descobreix les bandoleres fetes a m\u00e0 de Tatinbags a la botiga en l\u00ednia.","breadcrumb":{"@id":"https:\/\/www.tatinbags.com\/ca\/ronyonera-amb-estampat-multicolor\/#breadcrumb"},"inLanguage":"ca","potentialAction":[{"@type":"ReadAction","target":["https:\/\/www.tatinbags.com\/ca\/ronyonera-amb-estampat-multicolor\/"]}]},{"@type":"ImageObject","inLanguage":"ca","@id":"https:\/\/www.tatinbags.com\/ca\/ronyonera-amb-estampat-multicolor\/#primaryimage","url":"https:\/\/www.tatinbags.com\/wp-content\/uploads\/2024\/09\/tatinbags-bandolera-rinonera-de-colores-scaled.jpg","contentUrl":"https:\/\/www.tatinbags.com\/wp-content\/uploads\/2024\/09\/tatinbags-bandolera-rinonera-de-colores-scaled.jpg","width":2560,"height":2560},{"@type":"BreadcrumbList","@id":"https:\/\/www.tatinbags.com\/ca\/ronyonera-amb-estampat-multicolor\/#breadcrumb","itemListElement":[{"@type":"ListItem","position":1,"name":"Portada","item":"https:\/\/www.tatinbags.com\/ca\/"},{"@type":"ListItem","position":2,"name":"Botiga","item":"https:\/\/www.tatinbags.com\/ca\/botiga-online-bosses-de-ma\/"},{"@type":"ListItem","position":3,"name":"Ronyonera amb estampat jacquard"}]},{"@type":"WebSite","@id":"https:\/\/www.tatinbags.com\/ca\/#website","url":"https:\/\/www.tatinbags.com\/ca\/","name":"Tatinbags","description":"Bosses de roba fetes a m\u00e0","publisher":{"@id":"https:\/\/www.tatinbags.com\/ca\/#\/schema\/person\/56e32415f0aee05d2e6449a2b8e33f1d"},"potentialAction":[{"@type":"SearchAction","target":{"@type":"EntryPoint","urlTemplate":"https:\/\/www.tatinbags.com\/ca\/?s={search_term_string}"},"query-input":{"@type":"PropertyValueSpecification","valueRequired":true,"valueName":"search_term_string"}}],"inLanguage":"ca"},{"@type":["Person","Organization"],"@id":"https:\/\/www.tatinbags.com\/ca\/#\/schema\/person\/56e32415f0aee05d2e6449a2b8e33f1d","name":"Lourdes Tatinbags","image":{"@type":"ImageObject","inLanguage":"ca","@id":"https:\/\/www.tatinbags.com\/wp-content\/uploads\/2023\/02\/cropped-tatinbags_logo.png","url":"https:\/\/www.tatinbags.com\/wp-content\/uploads\/2023\/02\/cropped-tatinbags_logo.png","contentUrl":"https:\/\/www.tatinbags.com\/wp-content\/uploads\/2023\/02\/cropped-tatinbags_logo.png","width":500,"height":158,"caption":"Lourdes Tatinbags"},"logo":{"@id":"https:\/\/www.tatinbags.com\/wp-content\/uploads\/2023\/02\/cropped-tatinbags_logo.png"}}]}},"_links":{"self":[{"href":"https:\/\/www.tatinbags.com\/ca\/wp-json\/wp\/v2\/product\/4489","targetHints":{"allow":["GET"]}}],"collection":[{"href":"https:\/\/www.tatinbags.com\/ca\/wp-json\/wp\/v2\/product"}],"about":[{"href":"https:\/\/www.tatinbags.com\/ca\/wp-json\/wp\/v2\/types\/product"}],"replies":[{"embeddable":true,"href":"https:\/\/www.tatinbags.com\/ca\/wp-json\/wp\/v2\/comments?post=4489"}],"wp:featuredmedia":[{"embeddable":true,"href":"https:\/\/www.tatinbags.com\/ca\/wp-json\/wp\/v2\/media\/4513"}],"wp:attachment":[{"href":"https:\/\/www.tatinbags.com\/ca\/wp-json\/wp\/v2\/media?parent=4489"}],"wp:term":[{"taxonomy":"product_brand","embeddable":true,"href":"https:\/\/www.tatinbags.com\/ca\/wp-json\/wp\/v2\/product_brand?post=4489"},{"taxonomy":"product_cat","embeddable":true,"href":"https:\/\/www.tatinbags.com\/ca\/wp-json\/wp\/v2\/product_cat?post=4489"},{"taxonomy":"product_tag","embeddable":true,"href":"https:\/\/www.tatinbags.com\/ca\/wp-json\/wp\/v2\/product_tag?post=4489"}],"curies":[{"name":"wp","href":"https:\/\/api.w.org\/{rel}","templated":true}]}}